{"id":7356,"date":"2024-06-25T12:43:45","date_gmt":"2024-06-25T10:43:45","guid":{"rendered":"https:\/\/3p.eu\/?page_id=7356"},"modified":"2024-07-03T15:53:04","modified_gmt":"2024-07-03T13:53:04","slug":"ordres-de-travail","status":"publish","type":"page","link":"https:\/\/3p.eu\/be-fr\/ordres-de-travail\/","title":{"rendered":"Ordres de travail"},"content":{"rendered":"","protected":false},"excerpt":{"rendered":"","protected":false},"author":8,"featured_media":0,"parent":0,"menu_order":0,"comment_status":"closed","ping_status":"closed","template":"product.php","meta":{"_acf_changed":false,"footnotes":""},"class_list":["post-7356","page","type-page","status-publish","hentry"],"acf":[],"yoast_head":"<!-- This site is optimized with the Yoast SEO plugin v27.5 - https:\/\/yoast.com\/product\/yoast-seo-wordpress\/ -->\n<title>Ordres de travail - 3P Belgique<\/title>\n<meta name=\"description\" content=\"Le module Ordres de travail vous permets de g\u00e9rer toutes les demandes et ordres de travail li\u00e9s au domaine public, \u00e0 vos b\u00e2timents, etc. Vous maintenez une vue d\u2019ensemble compl\u00e8te des demandes de travail ouvertes, planifi\u00e9es et\/ou ex\u00e9cut\u00e9es \u00e0 tout moment.\" \/>\n<meta name=\"robots\" content=\"index, follow, max-snippet:-1, max-image-preview:large, max-video-preview:-1\" \/>\n<link rel=\"canonical\" href=\"https:\/\/3p.eu\/be-fr\/ordres-de-travail\/\" \/>\n<meta property=\"og:locale\" content=\"en_US\" \/>\n<meta property=\"og:type\" content=\"article\" \/>\n<meta property=\"og:title\" content=\"Ordres de travail - 3P Belgique\" \/>\n<meta property=\"og:description\" content=\"Le module Ordres de travail vous permets de g\u00e9rer toutes les demandes et ordres de travail li\u00e9s au domaine public, \u00e0 vos b\u00e2timents, etc. Vous maintenez une vue d\u2019ensemble compl\u00e8te des demandes de travail ouvertes, planifi\u00e9es et\/ou ex\u00e9cut\u00e9es \u00e0 tout moment.\" \/>\n<meta property=\"og:url\" content=\"https:\/\/3p.eu\/be-fr\/ordres-de-travail\/\" \/>\n<meta property=\"og:site_name\" content=\"3P Belgique\" \/>\n<meta property=\"article:modified_time\" content=\"2024-07-03T13:53:04+00:00\" \/>\n<meta name=\"twitter:card\" content=\"summary_large_image\" \/>\n<script type=\"application\/ld+json\" class=\"yoast-schema-graph\">{\"@context\":\"https:\\\/\\\/schema.org\",\"@graph\":[{\"@type\":\"WebPage\",\"@id\":\"https:\\\/\\\/3p.eu\\\/be-fr\\\/ordres-de-travail\\\/\",\"url\":\"https:\\\/\\\/3p.eu\\\/be-fr\\\/ordres-de-travail\\\/\",\"name\":\"Ordres de travail - 3P Belgique\",\"isPartOf\":{\"@id\":\"https:\\\/\\\/3p.eu\\\/be-fr\\\/#website\"},\"datePublished\":\"2024-06-25T10:43:45+00:00\",\"dateModified\":\"2024-07-03T13:53:04+00:00\",\"description\":\"Le module Ordres de travail vous permets de g\u00e9rer toutes les demandes et ordres de travail li\u00e9s au domaine public, \u00e0 vos b\u00e2timents, etc. Vous maintenez une vue d\u2019ensemble compl\u00e8te des demandes de travail ouvertes, planifi\u00e9es et\\\/ou ex\u00e9cut\u00e9es \u00e0 tout moment.\",\"breadcrumb\":{\"@id\":\"https:\\\/\\\/3p.eu\\\/be-fr\\\/ordres-de-travail\\\/#breadcrumb\"},\"inLanguage\":\"be-FR\",\"potentialAction\":[{\"@type\":\"ReadAction\",\"target\":[\"https:\\\/\\\/3p.eu\\\/be-fr\\\/ordres-de-travail\\\/\"]}]},{\"@type\":\"BreadcrumbList\",\"@id\":\"https:\\\/\\\/3p.eu\\\/be-fr\\\/ordres-de-travail\\\/#breadcrumb\",\"itemListElement\":[{\"@type\":\"ListItem\",\"position\":1,\"name\":\"Home\",\"item\":\"https:\\\/\\\/3p.eu\\\/be-fr\\\/\"},{\"@type\":\"ListItem\",\"position\":2,\"name\":\"Ordres de travail\"}]},{\"@type\":\"WebSite\",\"@id\":\"https:\\\/\\\/3p.eu\\\/be-fr\\\/#website\",\"url\":\"https:\\\/\\\/3p.eu\\\/be-fr\\\/\",\"name\":\"3P Belgique\",\"description\":\"\",\"potentialAction\":[{\"@type\":\"SearchAction\",\"target\":{\"@type\":\"EntryPoint\",\"urlTemplate\":\"https:\\\/\\\/3p.eu\\\/be-fr\\\/?s={search_term_string}\"},\"query-input\":{\"@type\":\"PropertyValueSpecification\",\"valueRequired\":true,\"valueName\":\"search_term_string\"}}],\"inLanguage\":\"be-FR\"}]}<\/script>\n<!-- \/ Yoast SEO plugin. -->","yoast_head_json":{"title":"Ordres de travail - 3P Belgique","description":"Le module Ordres de travail vous permets de g\u00e9rer toutes les demandes et ordres de travail li\u00e9s au domaine public, \u00e0 vos b\u00e2timents, etc. Vous maintenez une vue d\u2019ensemble compl\u00e8te des demandes de travail ouvertes, planifi\u00e9es et\/ou ex\u00e9cut\u00e9es \u00e0 tout moment.","robots":{"index":"index","follow":"follow","max-snippet":"max-snippet:-1","max-image-preview":"max-image-preview:large","max-video-preview":"max-video-preview:-1"},"canonical":"https:\/\/3p.eu\/be-fr\/ordres-de-travail\/","og_locale":"en_US","og_type":"article","og_title":"Ordres de travail - 3P Belgique","og_description":"Le module Ordres de travail vous permets de g\u00e9rer toutes les demandes et ordres de travail li\u00e9s au domaine public, \u00e0 vos b\u00e2timents, etc. Vous maintenez une vue d\u2019ensemble compl\u00e8te des demandes de travail ouvertes, planifi\u00e9es et\/ou ex\u00e9cut\u00e9es \u00e0 tout moment.","og_url":"https:\/\/3p.eu\/be-fr\/ordres-de-travail\/","og_site_name":"3P Belgique","article_modified_time":"2024-07-03T13:53:04+00:00","twitter_card":"summary_large_image","schema":{"@context":"https:\/\/schema.org","@graph":[{"@type":"WebPage","@id":"https:\/\/3p.eu\/be-fr\/ordres-de-travail\/","url":"https:\/\/3p.eu\/be-fr\/ordres-de-travail\/","name":"Ordres de travail - 3P Belgique","isPartOf":{"@id":"https:\/\/3p.eu\/be-fr\/#website"},"datePublished":"2024-06-25T10:43:45+00:00","dateModified":"2024-07-03T13:53:04+00:00","description":"Le module Ordres de travail vous permets de g\u00e9rer toutes les demandes et ordres de travail li\u00e9s au domaine public, \u00e0 vos b\u00e2timents, etc. Vous maintenez une vue d\u2019ensemble compl\u00e8te des demandes de travail ouvertes, planifi\u00e9es et\/ou ex\u00e9cut\u00e9es \u00e0 tout moment.","breadcrumb":{"@id":"https:\/\/3p.eu\/be-fr\/ordres-de-travail\/#breadcrumb"},"inLanguage":"be-FR","potentialAction":[{"@type":"ReadAction","target":["https:\/\/3p.eu\/be-fr\/ordres-de-travail\/"]}]},{"@type":"BreadcrumbList","@id":"https:\/\/3p.eu\/be-fr\/ordres-de-travail\/#breadcrumb","itemListElement":[{"@type":"ListItem","position":1,"name":"Home","item":"https:\/\/3p.eu\/be-fr\/"},{"@type":"ListItem","position":2,"name":"Ordres de travail"}]},{"@type":"WebSite","@id":"https:\/\/3p.eu\/be-fr\/#website","url":"https:\/\/3p.eu\/be-fr\/","name":"3P Belgique","description":"","potentialAction":[{"@type":"SearchAction","target":{"@type":"EntryPoint","urlTemplate":"https:\/\/3p.eu\/be-fr\/?s={search_term_string}"},"query-input":{"@type":"PropertyValueSpecification","valueRequired":true,"valueName":"search_term_string"}}],"inLanguage":"be-FR"}]}},"_links":{"self":[{"href":"https:\/\/3p.eu\/be-fr\/wp-json\/wp\/v2\/pages\/7356","targetHints":{"allow":["GET"]}}],"collection":[{"href":"https:\/\/3p.eu\/be-fr\/wp-json\/wp\/v2\/pages"}],"about":[{"href":"https:\/\/3p.eu\/be-fr\/wp-json\/wp\/v2\/types\/page"}],"author":[{"embeddable":true,"href":"https:\/\/3p.eu\/be-fr\/wp-json\/wp\/v2\/users\/8"}],"replies":[{"embeddable":true,"href":"https:\/\/3p.eu\/be-fr\/wp-json\/wp\/v2\/comments?post=7356"}],"version-history":[{"count":1,"href":"https:\/\/3p.eu\/be-fr\/wp-json\/wp\/v2\/pages\/7356\/revisions"}],"predecessor-version":[{"id":7409,"href":"https:\/\/3p.eu\/be-fr\/wp-json\/wp\/v2\/pages\/7356\/revisions\/7409"}],"wp:attachment":[{"href":"https:\/\/3p.eu\/be-fr\/wp-json\/wp\/v2\/media?parent=7356"}],"curies":[{"name":"wp","href":"https:\/\/api.w.org\/{rel}","templated":true}]}}