{"id":7355,"date":"2024-06-25T12:53:34","date_gmt":"2024-06-25T10:53:34","guid":{"rendered":"https:\/\/3p.eu\/?page_id=7355"},"modified":"2024-06-25T12:53:34","modified_gmt":"2024-06-25T10:53:34","slug":"gestion-des-salles","status":"publish","type":"page","link":"https:\/\/3p.eu\/be-fr\/gestion-des-salles\/","title":{"rendered":"Gestion des salles"},"content":{"rendered":"","protected":false},"excerpt":{"rendered":"","protected":false},"author":8,"featured_media":0,"parent":0,"menu_order":0,"comment_status":"closed","ping_status":"closed","template":"product.php","meta":{"_acf_changed":false,"footnotes":""},"class_list":["post-7355","page","type-page","status-publish","hentry"],"acf":[],"yoast_head":"<!-- This site is optimized with the Yoast SEO plugin v27.5 - https:\/\/yoast.com\/product\/yoast-seo-wordpress\/ -->\n<title>Gestion des salles - 3P Belgique<\/title>\n<meta name=\"description\" content=\"Le module de gestion de salles permet de g\u00e9rer facilement et efficacement les r\u00e9servations de vos salles, b\u00e2timents, halls de sports, \u2026 Gr\u00e2ce \u00e0 ce module, vous aurez un aper\u00e7u complet de toutes vos salles et leur utilisation.\" \/>\n<meta name=\"robots\" content=\"index, follow, max-snippet:-1, max-image-preview:large, max-video-preview:-1\" \/>\n<link rel=\"canonical\" href=\"https:\/\/3p.eu\/be-fr\/gestion-des-salles\/\" \/>\n<meta property=\"og:locale\" content=\"en_US\" \/>\n<meta property=\"og:type\" content=\"article\" \/>\n<meta property=\"og:title\" content=\"Gestion des salles - 3P Belgique\" \/>\n<meta property=\"og:description\" content=\"Le module de gestion de salles permet de g\u00e9rer facilement et efficacement les r\u00e9servations de vos salles, b\u00e2timents, halls de sports, \u2026 Gr\u00e2ce \u00e0 ce module, vous aurez un aper\u00e7u complet de toutes vos salles et leur utilisation.\" \/>\n<meta property=\"og:url\" content=\"https:\/\/3p.eu\/be-fr\/gestion-des-salles\/\" \/>\n<meta property=\"og:site_name\" content=\"3P Belgique\" \/>\n<meta name=\"twitter:card\" content=\"summary_large_image\" \/>\n<script type=\"application\/ld+json\" class=\"yoast-schema-graph\">{\"@context\":\"https:\\\/\\\/schema.org\",\"@graph\":[{\"@type\":\"WebPage\",\"@id\":\"https:\\\/\\\/3p.eu\\\/be-fr\\\/gestion-des-salles\\\/\",\"url\":\"https:\\\/\\\/3p.eu\\\/be-fr\\\/gestion-des-salles\\\/\",\"name\":\"Gestion des salles - 3P Belgique\",\"isPartOf\":{\"@id\":\"https:\\\/\\\/3p.eu\\\/be-fr\\\/#website\"},\"datePublished\":\"2024-06-25T10:53:34+00:00\",\"description\":\"Le module de gestion de salles permet de g\u00e9rer facilement et efficacement les r\u00e9servations de vos salles, b\u00e2timents, halls de sports, \u2026 Gr\u00e2ce \u00e0 ce module, vous aurez un aper\u00e7u complet de toutes vos salles et leur utilisation.\",\"breadcrumb\":{\"@id\":\"https:\\\/\\\/3p.eu\\\/be-fr\\\/gestion-des-salles\\\/#breadcrumb\"},\"inLanguage\":\"be-FR\",\"potentialAction\":[{\"@type\":\"ReadAction\",\"target\":[\"https:\\\/\\\/3p.eu\\\/be-fr\\\/gestion-des-salles\\\/\"]}]},{\"@type\":\"BreadcrumbList\",\"@id\":\"https:\\\/\\\/3p.eu\\\/be-fr\\\/gestion-des-salles\\\/#breadcrumb\",\"itemListElement\":[{\"@type\":\"ListItem\",\"position\":1,\"name\":\"Home\",\"item\":\"https:\\\/\\\/3p.eu\\\/be-fr\\\/\"},{\"@type\":\"ListItem\",\"position\":2,\"name\":\"Gestion des salles\"}]},{\"@type\":\"WebSite\",\"@id\":\"https:\\\/\\\/3p.eu\\\/be-fr\\\/#website\",\"url\":\"https:\\\/\\\/3p.eu\\\/be-fr\\\/\",\"name\":\"3P Belgique\",\"description\":\"\",\"potentialAction\":[{\"@type\":\"SearchAction\",\"target\":{\"@type\":\"EntryPoint\",\"urlTemplate\":\"https:\\\/\\\/3p.eu\\\/be-fr\\\/?s={search_term_string}\"},\"query-input\":{\"@type\":\"PropertyValueSpecification\",\"valueRequired\":true,\"valueName\":\"search_term_string\"}}],\"inLanguage\":\"be-FR\"}]}<\/script>\n<!-- \/ Yoast SEO plugin. -->","yoast_head_json":{"title":"Gestion des salles - 3P Belgique","description":"Le module de gestion de salles permet de g\u00e9rer facilement et efficacement les r\u00e9servations de vos salles, b\u00e2timents, halls de sports, \u2026 Gr\u00e2ce \u00e0 ce module, vous aurez un aper\u00e7u complet de toutes vos salles et leur utilisation.","robots":{"index":"index","follow":"follow","max-snippet":"max-snippet:-1","max-image-preview":"max-image-preview:large","max-video-preview":"max-video-preview:-1"},"canonical":"https:\/\/3p.eu\/be-fr\/gestion-des-salles\/","og_locale":"en_US","og_type":"article","og_title":"Gestion des salles - 3P Belgique","og_description":"Le module de gestion de salles permet de g\u00e9rer facilement et efficacement les r\u00e9servations de vos salles, b\u00e2timents, halls de sports, \u2026 Gr\u00e2ce \u00e0 ce module, vous aurez un aper\u00e7u complet de toutes vos salles et leur utilisation.","og_url":"https:\/\/3p.eu\/be-fr\/gestion-des-salles\/","og_site_name":"3P Belgique","twitter_card":"summary_large_image","schema":{"@context":"https:\/\/schema.org","@graph":[{"@type":"WebPage","@id":"https:\/\/3p.eu\/be-fr\/gestion-des-salles\/","url":"https:\/\/3p.eu\/be-fr\/gestion-des-salles\/","name":"Gestion des salles - 3P Belgique","isPartOf":{"@id":"https:\/\/3p.eu\/be-fr\/#website"},"datePublished":"2024-06-25T10:53:34+00:00","description":"Le module de gestion de salles permet de g\u00e9rer facilement et efficacement les r\u00e9servations de vos salles, b\u00e2timents, halls de sports, \u2026 Gr\u00e2ce \u00e0 ce module, vous aurez un aper\u00e7u complet de toutes vos salles et leur utilisation.","breadcrumb":{"@id":"https:\/\/3p.eu\/be-fr\/gestion-des-salles\/#breadcrumb"},"inLanguage":"be-FR","potentialAction":[{"@type":"ReadAction","target":["https:\/\/3p.eu\/be-fr\/gestion-des-salles\/"]}]},{"@type":"BreadcrumbList","@id":"https:\/\/3p.eu\/be-fr\/gestion-des-salles\/#breadcrumb","itemListElement":[{"@type":"ListItem","position":1,"name":"Home","item":"https:\/\/3p.eu\/be-fr\/"},{"@type":"ListItem","position":2,"name":"Gestion des salles"}]},{"@type":"WebSite","@id":"https:\/\/3p.eu\/be-fr\/#website","url":"https:\/\/3p.eu\/be-fr\/","name":"3P Belgique","description":"","potentialAction":[{"@type":"SearchAction","target":{"@type":"EntryPoint","urlTemplate":"https:\/\/3p.eu\/be-fr\/?s={search_term_string}"},"query-input":{"@type":"PropertyValueSpecification","valueRequired":true,"valueName":"search_term_string"}}],"inLanguage":"be-FR"}]}},"_links":{"self":[{"href":"https:\/\/3p.eu\/be-fr\/wp-json\/wp\/v2\/pages\/7355","targetHints":{"allow":["GET"]}}],"collection":[{"href":"https:\/\/3p.eu\/be-fr\/wp-json\/wp\/v2\/pages"}],"about":[{"href":"https:\/\/3p.eu\/be-fr\/wp-json\/wp\/v2\/types\/page"}],"author":[{"embeddable":true,"href":"https:\/\/3p.eu\/be-fr\/wp-json\/wp\/v2\/users\/8"}],"replies":[{"embeddable":true,"href":"https:\/\/3p.eu\/be-fr\/wp-json\/wp\/v2\/comments?post=7355"}],"version-history":[{"count":1,"href":"https:\/\/3p.eu\/be-fr\/wp-json\/wp\/v2\/pages\/7355\/revisions"}],"predecessor-version":[{"id":7410,"href":"https:\/\/3p.eu\/be-fr\/wp-json\/wp\/v2\/pages\/7355\/revisions\/7410"}],"wp:attachment":[{"href":"https:\/\/3p.eu\/be-fr\/wp-json\/wp\/v2\/media?parent=7355"}],"curies":[{"name":"wp","href":"https:\/\/api.w.org\/{rel}","templated":true}]}}