{"id":7353,"date":"2024-05-21T16:49:22","date_gmt":"2024-05-21T14:49:22","guid":{"rendered":"https:\/\/3p.eu\/?page_id=7353"},"modified":"2024-07-03T15:56:29","modified_gmt":"2024-07-03T13:56:29","slug":"prets","status":"publish","type":"page","link":"https:\/\/3p.eu\/be-fr\/prets\/","title":{"rendered":"Pr\u00eats"},"content":{"rendered":"","protected":false},"excerpt":{"rendered":"","protected":false},"author":8,"featured_media":0,"parent":0,"menu_order":0,"comment_status":"closed","ping_status":"closed","template":"product.php","meta":{"_acf_changed":false,"footnotes":""},"class_list":["post-7353","page","type-page","status-publish","hentry"],"acf":[],"yoast_head":"<!-- This site is optimized with the Yoast SEO plugin v27.5 - https:\/\/yoast.com\/product\/yoast-seo-wordpress\/ -->\n<title>Pr\u00eats - 3P Belgique<\/title>\n<meta name=\"description\" content=\"Suivez de mani\u00e8re centralis\u00e9e toutes les demandes de pr\u00eats, qu\u2019elles \u00e9manent de vos propres services, de citoyens ou d\u2019associations.\" \/>\n<meta name=\"robots\" content=\"index, follow, max-snippet:-1, max-image-preview:large, max-video-preview:-1\" \/>\n<link rel=\"canonical\" href=\"https:\/\/3p.eu\/be-fr\/prets\/\" \/>\n<meta property=\"og:locale\" content=\"en_US\" \/>\n<meta property=\"og:type\" content=\"article\" \/>\n<meta property=\"og:title\" content=\"Pr\u00eats - 3P Belgique\" \/>\n<meta property=\"og:description\" content=\"Suivez de mani\u00e8re centralis\u00e9e toutes les demandes de pr\u00eats, qu\u2019elles \u00e9manent de vos propres services, de citoyens ou d\u2019associations.\" \/>\n<meta property=\"og:url\" content=\"https:\/\/3p.eu\/be-fr\/prets\/\" \/>\n<meta property=\"og:site_name\" content=\"3P Belgique\" \/>\n<meta property=\"article:modified_time\" content=\"2024-07-03T13:56:29+00:00\" \/>\n<meta name=\"twitter:card\" content=\"summary_large_image\" \/>\n<script type=\"application\/ld+json\" class=\"yoast-schema-graph\">{\"@context\":\"https:\\\/\\\/schema.org\",\"@graph\":[{\"@type\":\"WebPage\",\"@id\":\"https:\\\/\\\/3p.eu\\\/be-fr\\\/prets\\\/\",\"url\":\"https:\\\/\\\/3p.eu\\\/be-fr\\\/prets\\\/\",\"name\":\"Pr\u00eats - 3P Belgique\",\"isPartOf\":{\"@id\":\"https:\\\/\\\/3p.eu\\\/be-fr\\\/#website\"},\"datePublished\":\"2024-05-21T14:49:22+00:00\",\"dateModified\":\"2024-07-03T13:56:29+00:00\",\"description\":\"Suivez de mani\u00e8re centralis\u00e9e toutes les demandes de pr\u00eats, qu\u2019elles \u00e9manent de vos propres services, de citoyens ou d\u2019associations.\",\"breadcrumb\":{\"@id\":\"https:\\\/\\\/3p.eu\\\/be-fr\\\/prets\\\/#breadcrumb\"},\"inLanguage\":\"be-FR\",\"potentialAction\":[{\"@type\":\"ReadAction\",\"target\":[\"https:\\\/\\\/3p.eu\\\/be-fr\\\/prets\\\/\"]}]},{\"@type\":\"BreadcrumbList\",\"@id\":\"https:\\\/\\\/3p.eu\\\/be-fr\\\/prets\\\/#breadcrumb\",\"itemListElement\":[{\"@type\":\"ListItem\",\"position\":1,\"name\":\"Home\",\"item\":\"https:\\\/\\\/3p.eu\\\/be-fr\\\/\"},{\"@type\":\"ListItem\",\"position\":2,\"name\":\"Pr\u00eats\"}]},{\"@type\":\"WebSite\",\"@id\":\"https:\\\/\\\/3p.eu\\\/be-fr\\\/#website\",\"url\":\"https:\\\/\\\/3p.eu\\\/be-fr\\\/\",\"name\":\"3P Belgique\",\"description\":\"\",\"potentialAction\":[{\"@type\":\"SearchAction\",\"target\":{\"@type\":\"EntryPoint\",\"urlTemplate\":\"https:\\\/\\\/3p.eu\\\/be-fr\\\/?s={search_term_string}\"},\"query-input\":{\"@type\":\"PropertyValueSpecification\",\"valueRequired\":true,\"valueName\":\"search_term_string\"}}],\"inLanguage\":\"be-FR\"}]}<\/script>\n<!-- \/ Yoast SEO plugin. -->","yoast_head_json":{"title":"Pr\u00eats - 3P Belgique","description":"Suivez de mani\u00e8re centralis\u00e9e toutes les demandes de pr\u00eats, qu\u2019elles \u00e9manent de vos propres services, de citoyens ou d\u2019associations.","robots":{"index":"index","follow":"follow","max-snippet":"max-snippet:-1","max-image-preview":"max-image-preview:large","max-video-preview":"max-video-preview:-1"},"canonical":"https:\/\/3p.eu\/be-fr\/prets\/","og_locale":"en_US","og_type":"article","og_title":"Pr\u00eats - 3P Belgique","og_description":"Suivez de mani\u00e8re centralis\u00e9e toutes les demandes de pr\u00eats, qu\u2019elles \u00e9manent de vos propres services, de citoyens ou d\u2019associations.","og_url":"https:\/\/3p.eu\/be-fr\/prets\/","og_site_name":"3P Belgique","article_modified_time":"2024-07-03T13:56:29+00:00","twitter_card":"summary_large_image","schema":{"@context":"https:\/\/schema.org","@graph":[{"@type":"WebPage","@id":"https:\/\/3p.eu\/be-fr\/prets\/","url":"https:\/\/3p.eu\/be-fr\/prets\/","name":"Pr\u00eats - 3P Belgique","isPartOf":{"@id":"https:\/\/3p.eu\/be-fr\/#website"},"datePublished":"2024-05-21T14:49:22+00:00","dateModified":"2024-07-03T13:56:29+00:00","description":"Suivez de mani\u00e8re centralis\u00e9e toutes les demandes de pr\u00eats, qu\u2019elles \u00e9manent de vos propres services, de citoyens ou d\u2019associations.","breadcrumb":{"@id":"https:\/\/3p.eu\/be-fr\/prets\/#breadcrumb"},"inLanguage":"be-FR","potentialAction":[{"@type":"ReadAction","target":["https:\/\/3p.eu\/be-fr\/prets\/"]}]},{"@type":"BreadcrumbList","@id":"https:\/\/3p.eu\/be-fr\/prets\/#breadcrumb","itemListElement":[{"@type":"ListItem","position":1,"name":"Home","item":"https:\/\/3p.eu\/be-fr\/"},{"@type":"ListItem","position":2,"name":"Pr\u00eats"}]},{"@type":"WebSite","@id":"https:\/\/3p.eu\/be-fr\/#website","url":"https:\/\/3p.eu\/be-fr\/","name":"3P Belgique","description":"","potentialAction":[{"@type":"SearchAction","target":{"@type":"EntryPoint","urlTemplate":"https:\/\/3p.eu\/be-fr\/?s={search_term_string}"},"query-input":{"@type":"PropertyValueSpecification","valueRequired":true,"valueName":"search_term_string"}}],"inLanguage":"be-FR"}]}},"_links":{"self":[{"href":"https:\/\/3p.eu\/be-fr\/wp-json\/wp\/v2\/pages\/7353","targetHints":{"allow":["GET"]}}],"collection":[{"href":"https:\/\/3p.eu\/be-fr\/wp-json\/wp\/v2\/pages"}],"about":[{"href":"https:\/\/3p.eu\/be-fr\/wp-json\/wp\/v2\/types\/page"}],"author":[{"embeddable":true,"href":"https:\/\/3p.eu\/be-fr\/wp-json\/wp\/v2\/users\/8"}],"replies":[{"embeddable":true,"href":"https:\/\/3p.eu\/be-fr\/wp-json\/wp\/v2\/comments?post=7353"}],"version-history":[{"count":1,"href":"https:\/\/3p.eu\/be-fr\/wp-json\/wp\/v2\/pages\/7353\/revisions"}],"predecessor-version":[{"id":7404,"href":"https:\/\/3p.eu\/be-fr\/wp-json\/wp\/v2\/pages\/7353\/revisions\/7404"}],"wp:attachment":[{"href":"https:\/\/3p.eu\/be-fr\/wp-json\/wp\/v2\/media?parent=7353"}],"curies":[{"name":"wp","href":"https:\/\/api.w.org\/{rel}","templated":true}]}}