{"id":7352,"date":"2024-06-25T12:53:57","date_gmt":"2024-06-25T10:53:57","guid":{"rendered":"https:\/\/3p.eu\/?page_id=7352"},"modified":"2024-07-03T15:58:22","modified_gmt":"2024-07-03T13:58:22","slug":"gestion-du-patrimoine","status":"publish","type":"page","link":"https:\/\/3p.eu\/be-fr\/gestion-du-patrimoine\/","title":{"rendered":"Gestion du patrimoine"},"content":{"rendered":"","protected":false},"excerpt":{"rendered":"","protected":false},"author":8,"featured_media":0,"parent":0,"menu_order":0,"comment_status":"closed","ping_status":"closed","template":"product.php","meta":{"_acf_changed":false,"footnotes":""},"class_list":["post-7352","page","type-page","status-publish","hentry"],"acf":[],"yoast_head":"<!-- This site is optimized with the Yoast SEO plugin v27.6 - https:\/\/yoast.com\/product\/yoast-seo-wordpress\/ -->\n<title>Gestion du patrimoine - 3P Belgique<\/title>\n<meta name=\"description\" content=\"Le module de gestion du patrimoine a pour but d\u2019effectuer le suivi des b\u00e2timents qui font partie de votre patrimoine. Vous pouvez centraliser tous les documents pertinents et ne jamais manquer une \u00e9ch\u00e9ance d&#039;entretien ou d&#039;inspection. Par b\u00e2timent, vous pouvez g\u00e9rer toutes les donn\u00e9es techniques, installations, compteurs (gaz, \u00e9lectricit\u00e9, eau), contr\u00f4les et entretiens des compteurs et installations (avec rapports), constatations (fuites, \u00e9clairage d\u00e9fectueux, etc.) et assurances.\" \/>\n<meta name=\"robots\" content=\"index, follow, max-snippet:-1, max-image-preview:large, max-video-preview:-1\" \/>\n<link rel=\"canonical\" href=\"https:\/\/3p.eu\/be-fr\/gestion-du-patrimoine\/\" \/>\n<meta property=\"og:locale\" content=\"en_US\" \/>\n<meta property=\"og:type\" content=\"article\" \/>\n<meta property=\"og:title\" content=\"Gestion du patrimoine - 3P Belgique\" \/>\n<meta property=\"og:description\" content=\"Le module de gestion du patrimoine a pour but d\u2019effectuer le suivi des b\u00e2timents qui font partie de votre patrimoine. Vous pouvez centraliser tous les documents pertinents et ne jamais manquer une \u00e9ch\u00e9ance d&#039;entretien ou d&#039;inspection. Par b\u00e2timent, vous pouvez g\u00e9rer toutes les donn\u00e9es techniques, installations, compteurs (gaz, \u00e9lectricit\u00e9, eau), contr\u00f4les et entretiens des compteurs et installations (avec rapports), constatations (fuites, \u00e9clairage d\u00e9fectueux, etc.) et assurances.\" \/>\n<meta property=\"og:url\" content=\"https:\/\/3p.eu\/be-fr\/gestion-du-patrimoine\/\" \/>\n<meta property=\"og:site_name\" content=\"3P Belgique\" \/>\n<meta property=\"article:modified_time\" content=\"2024-07-03T13:58:22+00:00\" \/>\n<meta name=\"twitter:card\" content=\"summary_large_image\" \/>\n<script type=\"application\/ld+json\" class=\"yoast-schema-graph\">{\"@context\":\"https:\\\/\\\/schema.org\",\"@graph\":[{\"@type\":\"WebPage\",\"@id\":\"https:\\\/\\\/3p.eu\\\/be-fr\\\/gestion-du-patrimoine\\\/\",\"url\":\"https:\\\/\\\/3p.eu\\\/be-fr\\\/gestion-du-patrimoine\\\/\",\"name\":\"Gestion du patrimoine - 3P Belgique\",\"isPartOf\":{\"@id\":\"https:\\\/\\\/3p.eu\\\/be-fr\\\/#website\"},\"datePublished\":\"2024-06-25T10:53:57+00:00\",\"dateModified\":\"2024-07-03T13:58:22+00:00\",\"description\":\"Le module de gestion du patrimoine a pour but d\u2019effectuer le suivi des b\u00e2timents qui font partie de votre patrimoine. Vous pouvez centraliser tous les documents pertinents et ne jamais manquer une \u00e9ch\u00e9ance d'entretien ou d'inspection. Par b\u00e2timent, vous pouvez g\u00e9rer toutes les donn\u00e9es techniques, installations, compteurs (gaz, \u00e9lectricit\u00e9, eau), contr\u00f4les et entretiens des compteurs et installations (avec rapports), constatations (fuites, \u00e9clairage d\u00e9fectueux, etc.) et assurances.\",\"breadcrumb\":{\"@id\":\"https:\\\/\\\/3p.eu\\\/be-fr\\\/gestion-du-patrimoine\\\/#breadcrumb\"},\"inLanguage\":\"be-FR\",\"potentialAction\":[{\"@type\":\"ReadAction\",\"target\":[\"https:\\\/\\\/3p.eu\\\/be-fr\\\/gestion-du-patrimoine\\\/\"]}]},{\"@type\":\"BreadcrumbList\",\"@id\":\"https:\\\/\\\/3p.eu\\\/be-fr\\\/gestion-du-patrimoine\\\/#breadcrumb\",\"itemListElement\":[{\"@type\":\"ListItem\",\"position\":1,\"name\":\"Home\",\"item\":\"https:\\\/\\\/3p.eu\\\/be-fr\\\/\"},{\"@type\":\"ListItem\",\"position\":2,\"name\":\"Gestion du patrimoine\"}]},{\"@type\":\"WebSite\",\"@id\":\"https:\\\/\\\/3p.eu\\\/be-fr\\\/#website\",\"url\":\"https:\\\/\\\/3p.eu\\\/be-fr\\\/\",\"name\":\"3P Belgique\",\"description\":\"\",\"potentialAction\":[{\"@type\":\"SearchAction\",\"target\":{\"@type\":\"EntryPoint\",\"urlTemplate\":\"https:\\\/\\\/3p.eu\\\/be-fr\\\/?s={search_term_string}\"},\"query-input\":{\"@type\":\"PropertyValueSpecification\",\"valueRequired\":true,\"valueName\":\"search_term_string\"}}],\"inLanguage\":\"be-FR\"}]}<\/script>\n<!-- \/ Yoast SEO plugin. -->","yoast_head_json":{"title":"Gestion du patrimoine - 3P Belgique","description":"Le module de gestion du patrimoine a pour but d\u2019effectuer le suivi des b\u00e2timents qui font partie de votre patrimoine. Vous pouvez centraliser tous les documents pertinents et ne jamais manquer une \u00e9ch\u00e9ance d'entretien ou d'inspection. Par b\u00e2timent, vous pouvez g\u00e9rer toutes les donn\u00e9es techniques, installations, compteurs (gaz, \u00e9lectricit\u00e9, eau), contr\u00f4les et entretiens des compteurs et installations (avec rapports), constatations (fuites, \u00e9clairage d\u00e9fectueux, etc.) et assurances.","robots":{"index":"index","follow":"follow","max-snippet":"max-snippet:-1","max-image-preview":"max-image-preview:large","max-video-preview":"max-video-preview:-1"},"canonical":"https:\/\/3p.eu\/be-fr\/gestion-du-patrimoine\/","og_locale":"en_US","og_type":"article","og_title":"Gestion du patrimoine - 3P Belgique","og_description":"Le module de gestion du patrimoine a pour but d\u2019effectuer le suivi des b\u00e2timents qui font partie de votre patrimoine. Vous pouvez centraliser tous les documents pertinents et ne jamais manquer une \u00e9ch\u00e9ance d'entretien ou d'inspection. Par b\u00e2timent, vous pouvez g\u00e9rer toutes les donn\u00e9es techniques, installations, compteurs (gaz, \u00e9lectricit\u00e9, eau), contr\u00f4les et entretiens des compteurs et installations (avec rapports), constatations (fuites, \u00e9clairage d\u00e9fectueux, etc.) et assurances.","og_url":"https:\/\/3p.eu\/be-fr\/gestion-du-patrimoine\/","og_site_name":"3P Belgique","article_modified_time":"2024-07-03T13:58:22+00:00","twitter_card":"summary_large_image","schema":{"@context":"https:\/\/schema.org","@graph":[{"@type":"WebPage","@id":"https:\/\/3p.eu\/be-fr\/gestion-du-patrimoine\/","url":"https:\/\/3p.eu\/be-fr\/gestion-du-patrimoine\/","name":"Gestion du patrimoine - 3P Belgique","isPartOf":{"@id":"https:\/\/3p.eu\/be-fr\/#website"},"datePublished":"2024-06-25T10:53:57+00:00","dateModified":"2024-07-03T13:58:22+00:00","description":"Le module de gestion du patrimoine a pour but d\u2019effectuer le suivi des b\u00e2timents qui font partie de votre patrimoine. Vous pouvez centraliser tous les documents pertinents et ne jamais manquer une \u00e9ch\u00e9ance d'entretien ou d'inspection. Par b\u00e2timent, vous pouvez g\u00e9rer toutes les donn\u00e9es techniques, installations, compteurs (gaz, \u00e9lectricit\u00e9, eau), contr\u00f4les et entretiens des compteurs et installations (avec rapports), constatations (fuites, \u00e9clairage d\u00e9fectueux, etc.) et assurances.","breadcrumb":{"@id":"https:\/\/3p.eu\/be-fr\/gestion-du-patrimoine\/#breadcrumb"},"inLanguage":"be-FR","potentialAction":[{"@type":"ReadAction","target":["https:\/\/3p.eu\/be-fr\/gestion-du-patrimoine\/"]}]},{"@type":"BreadcrumbList","@id":"https:\/\/3p.eu\/be-fr\/gestion-du-patrimoine\/#breadcrumb","itemListElement":[{"@type":"ListItem","position":1,"name":"Home","item":"https:\/\/3p.eu\/be-fr\/"},{"@type":"ListItem","position":2,"name":"Gestion du patrimoine"}]},{"@type":"WebSite","@id":"https:\/\/3p.eu\/be-fr\/#website","url":"https:\/\/3p.eu\/be-fr\/","name":"3P Belgique","description":"","potentialAction":[{"@type":"SearchAction","target":{"@type":"EntryPoint","urlTemplate":"https:\/\/3p.eu\/be-fr\/?s={search_term_string}"},"query-input":{"@type":"PropertyValueSpecification","valueRequired":true,"valueName":"search_term_string"}}],"inLanguage":"be-FR"}]}},"_links":{"self":[{"href":"https:\/\/3p.eu\/be-fr\/wp-json\/wp\/v2\/pages\/7352","targetHints":{"allow":["GET"]}}],"collection":[{"href":"https:\/\/3p.eu\/be-fr\/wp-json\/wp\/v2\/pages"}],"about":[{"href":"https:\/\/3p.eu\/be-fr\/wp-json\/wp\/v2\/types\/page"}],"author":[{"embeddable":true,"href":"https:\/\/3p.eu\/be-fr\/wp-json\/wp\/v2\/users\/8"}],"replies":[{"embeddable":true,"href":"https:\/\/3p.eu\/be-fr\/wp-json\/wp\/v2\/comments?post=7352"}],"version-history":[{"count":2,"href":"https:\/\/3p.eu\/be-fr\/wp-json\/wp\/v2\/pages\/7352\/revisions"}],"predecessor-version":[{"id":7426,"href":"https:\/\/3p.eu\/be-fr\/wp-json\/wp\/v2\/pages\/7352\/revisions\/7426"}],"wp:attachment":[{"href":"https:\/\/3p.eu\/be-fr\/wp-json\/wp\/v2\/media?parent=7352"}],"curies":[{"name":"wp","href":"https:\/\/api.w.org\/{rel}","templated":true}]}}