{"id":6151,"date":"2024-01-04T19:44:17","date_gmt":"2024-01-04T18:44:17","guid":{"rendered":"http:\/\/localhost:8888\/?page_id=6151"},"modified":"2024-04-11T18:14:16","modified_gmt":"2024-04-11T16:14:16","slug":"conditions-dutilisation","status":"publish","type":"page","link":"https:\/\/3p.eu\/be-fr\/conditions-dutilisation\/","title":{"rendered":"Conditions g\u00e9n\u00e9rales d&#8217;utilisation"},"content":{"rendered":"\n<p><strong>Information g\u00e9n\u00e9rale<\/strong><\/p>\n\n\n\n<p>Ce Site Web appartient \u00e0 et est g\u00e9r\u00e9 par 3P SA, au num\u00e9ro de TVA BE0475.480.736, registre local Anvers, Verviersstraat 1 B5.1, 2000 Antwerpen, ci-dessous \u00ab&nbsp;3P&nbsp;\u00bb. Les termes \u00abSite Web\u00bb ou \u00ab&nbsp;Site&nbsp;\u00bb comprennent aussi bien les Sites web classiques ainsi que toutes les autres applications en ligne de 3P qui peuvent \u00eatre consult\u00e9es par l\u2019interm\u00e9diaire d\u2019appareils mobiles ou fixes.<\/p>\n\n\n\n<p><strong>Conditions<\/strong><\/p>\n\n\n\n<p>Toute utilisation d\u2019un Site Web de 3P est soumise \u00e0 ces conditions. La simple utilisation d\u2019un Site Web implique que l\u2019utilisateur accepte enti\u00e8rement et irr\u00e9vocablement les conditions d\u2019utilisation du Site Web et les produits et services qui y sont propos\u00e9s. 3P se r\u00e9serve le droit de modifier ces conditions \u00e0 tout moment, auquel cas les conditions modifi\u00e9es seront publi\u00e9es sur le Site Web et entreront automatiquement en vigueur d\u00e8s la publication. En principe, vous pouvez utiliser le Site Web sans fournir de donn\u00e9es personnelles. Cependant, il se peut que certaines parties du Site ou l\u2019utilisation de certaines fonctionnalit\u00e9s ne soient accessibles qu\u2019\u00e0 condition de soumettre certaines donn\u00e9es personnelles. Vous garantissez que les donn\u00e9es que vous soumettez sont correctes et compl\u00e8tes. L\u2019introduction de donn\u00e9es incorrectes ou appartenant \u00e0 des tiers peut entra\u00eener un refus d\u2019acc\u00e8s temporaire ou d\u00e9finitif, en totalit\u00e9 ou en partie, sur les Sites Web de 3P.&nbsp;3P accorde beaucoup d\u2019importance \u00e0 la protection de la vie priv\u00e9e de toutes les personnes qui utilisent ses applications. 3P tient donc \u00e0 traiter vos donn\u00e9es en conformit\u00e9 avec la l\u00e9gislation, de mani\u00e8re correcte et transparente. De plus amples informations sur la politique de 3P en mati\u00e8re de protection des donn\u00e9es personnelles peuvent \u00eatre obtenues dans notre Politique de Confidentialit\u00e9 qui peut \u00eatre consult\u00e9 via&nbsp;<a href=\"http:\/\/www.3p.eu\/be-fr\/politique-de-confidentialite\">http:\/\/www.3p.eu\/be-fr\/politique-de-confidentialite<\/a>. En utilisant le Site Web vous acceptez explicitement la Politique de Confidentialit\u00e9<\/p>\n\n\n\n<p><strong>Limitation de responsabilit\u00e9<\/strong><\/p>\n\n\n\n<p>3P ne peut \u00eatre tenu responsable pour aucune d\u00e9cision ou action prise par l\u2019utilisateur sur base des informations ou des donn\u00e9es fournies, et n\u2019est responsable pour aucune faute ou erreur.<\/p>\n\n\n\n<p>3P ne peut \u00eatre tenu responsable pour aucun dommage direct ou indirect, ni pour aucun dommage caus\u00e9 par l\u2019inexactitude, l\u2019incompl\u00e9tude, l\u2019oubli, la n\u00e9gligence, etc concernant les informations ou donn\u00e9es sur un Site Web.<\/p>\n\n\n\n<p>3P ne peut en aucun cas \u00eatre tenu responsable des dommages temporaires ou permanents ou des d\u00e9fauts des donn\u00e9es ou de l\u2019\u00e9quipement informatique de l\u2019utilisateur en utilisant un Site Web 3P.<\/p>\n\n\n\n<p>3P ne peut \u00eatre tenu responsable pour le transfert possible de virus ou autres formes de malware via son Site Web.<\/p>\n\n\n\n<p><strong>Liens vers d\u2019autres Sites<\/strong><\/p>\n\n\n\n<p>3P ne peut \u00eatre tenu responsable de quelque mani\u00e8re que ce soit, pour les informations qui sont propos\u00e9es via des liens hypertexte vers le contenu de tiers ou vers des Site Webs g\u00e9r\u00e9s par des tiers. Ces liens sont purement informatifs et seuls les exploitants de ces Sites sont responsables de l\u2019exactitude des informations fournies et du respect des lois et r\u00e8glements relatifs aux produits et services qu\u2019ils proposent \u00e0 la vente sur leur Site internet, plus pr\u00e9cis\u00e9ment concerne la protection des consommateurs, la protection des donn\u00e9es personnelles, la vente \u00e0 distance, la l\u00e9gislation relative aux prix, \u00e0 la propri\u00e9t\u00e9 intellectuelle, etc.<\/p>\n\n\n\n<p><strong>Disponibilit\u00e9 du Site<\/strong><\/p>\n\n\n\n<p>3P met tout en \u0153uvre pour assurer la disponibilit\u00e9 de ses Sites Web, mais ne peut garantir la disponibilit\u00e9 d\u2019un Site Web \u00e0 tout moment, ni l\u2019absence de disfonctionnements ou d\u2019interruptions. 3P se r\u00e9serve le droit de suspendre l\u2019acc\u00e8s au Site \u00e0 tout moment et sans pr\u00e9avis pour des raisons techniques ou autres, ou pour mettre fin aux services. 3P ne peut \u00eatre tenu responsable des disfonctionnements ou des interruptions, et ceux-ci ne peuvent entra\u00eener des remboursements, des ajustements de prix ou toute autre compensation, sauf en cas d\u2019erreurs intentionnelles de 3P.<\/p>\n\n\n\n<p><strong>Droits de propri\u00e9t\u00e9 intellectuelle du Site Web<\/strong><\/p>\n\n\n\n<p>Tous les textes, photographies, dessins, graphiques, images, sons, donn\u00e9es, bases de donn\u00e9es, logiciels, noms, noms commerciaux et noms de domaine et tous les autres composants des Sites Web 3P sont prot\u00e9g\u00e9s par des droits d\u2019auteur et peuvent \u00e9ventuellement faire l\u2019objet d\u2019autres protections. Les Sites Web eux-m\u00eames sont \u00e9galement prot\u00e9g\u00e9s par le droit d\u2019auteur, et \u00e9galement prot\u00e9g\u00e9s en tant que base de donn\u00e9es \u00e0 la fois par la l\u00e9gislation sur les droits d\u2019auteur et la l\u00e9gislation sur les bases de donn\u00e9es.<\/p>\n\n\n\n<p>L\u2019utilisateur reconna\u00eet express\u00e9ment que tous les droits de propri\u00e9t\u00e9 pertinents, y compris les droits de propri\u00e9t\u00e9 intellectuelle, appartiennent \u00e0 3P.<\/p>\n\n\n\n<p>Ni les \u00e9l\u00e9ments list\u00e9s ci-dessus, ni les sites Web eux-m\u00eames, ni les informations propos\u00e9es sur les Sites Web ne peuvent \u00eatre stock\u00e9s (en dehors du stockage n\u00e9cessaires pour visionner le Site Web), reproduits, modifi\u00e9s, publi\u00e9s, distribu\u00e9s, transmis, vendus, transf\u00e9r\u00e9s \u00e0 des tiers ou \u00eatre utilis\u00e9 \u00e0 moins d\u2019avoir une permission pr\u00e9alable et \u00e9crite de la part de 3P.<\/p>\n\n\n\n<p><strong>Le partage de donn\u00e9es et informations sur le Site Web<\/strong><\/p>\n\n\n\n<p>L\u2019utilisateur est le propri\u00e9taire de tous les contenus et informations qu\u2019il place sur un Site Web 3P.<\/p>\n\n\n\n<p>Pour les contenus soumis \u00e0 des droits de propri\u00e9t\u00e9 intellectuelle, tels que les photos et vid\u00e9os (contenu PE), l\u2019utilisateur autorise sp\u00e9cifiquement 3P:<\/p>\n\n\n\n<p>L\u2019utilisateur accorde \u00e0 3P une licence non-exclusive, transf\u00e9rable, sous-licenciable, libre de droits et mondiale pour l\u2019utilisation du contenu PI que vous placez sur ou en connexion avec 3P (licence PI). Lorsque l\u2019utilisateur supprime du contenu du Site Web, il est supprim\u00e9 d\u2019une mani\u00e8re similaire \u00e0 l\u2019action de vider la corbeille sur un ordinateur. L\u2019utilisateur accepte que le contenu supprim\u00e9 puisse rester dans les sauvegardes pendant une p\u00e9riode raisonnable (bien qu\u2019il ne sera pas disponible pour des tiers).<\/p>\n\n\n\n<p><strong>Litiges<\/strong><\/p>\n\n\n\n<p>Sauf si les conditions d\u2019un produit ou d\u2019un service d\u00e9terminent une autorit\u00e9 diff\u00e9rente, la l\u00e9gislation belge et exclusivement applicable et seuls les tribunaux d\u2019Anvers sont comp\u00e9tents pour tout litige d\u00e9coulant de l\u2019utilisation des Site Web de 3P. L\u2019invalidit\u00e9, l\u2019insignifiance ou le caract\u00e8re non ex\u00e9cutoire de tout ou d\u2019une partie d\u2019une des dispositions ci-dessus n\u2019entra\u00eene pas l\u2019insignifiance et \/ ou l\u2019inapplicabilit\u00e9 d\u2019autres dispositions. Les parties acceptent que la communication \u00e9lectronique a la force juridique de la preuve \u00e9crite.<\/p>\n","protected":false},"excerpt":{"rendered":"<p>Information g\u00e9n\u00e9rale Ce Site Web appartient \u00e0 et est g\u00e9r\u00e9 par 3P SA, au num\u00e9ro de TVA BE0475.480.736, registre local Anvers, Verviersstraat 1 B5.1, 2000 Antwerpen, ci-dessous \u00ab&nbsp;3P&nbsp;\u00bb. Les termes \u00abSite Web\u00bb ou \u00ab&nbsp;Site&nbsp;\u00bb comprennent aussi bien les Sites web classiques ainsi que toutes les autres applications en ligne de 3P qui peuvent \u00eatre consult\u00e9es [&hellip;]<\/p>\n","protected":false},"author":8,"featured_media":0,"parent":0,"menu_order":0,"comment_status":"closed","ping_status":"closed","template":"","meta":{"_acf_changed":false,"footnotes":""},"class_list":["post-6151","page","type-page","status-publish","hentry"],"acf":[],"yoast_head":"<!-- This site is optimized with the Yoast SEO plugin v27.4 - https:\/\/yoast.com\/product\/yoast-seo-wordpress\/ -->\n<title>Conditions G\u00e9n\u00e9rales d\u2019Utilisation - 3P<\/title>\n<meta name=\"description\" content=\"3P est un \u00e9diteur de logiciels, sp\u00e9cialiste du secteur public. Pour la gestion de vos march\u00e9s publics, service technique GMAO, et contrats...\" \/>\n<meta name=\"robots\" content=\"index, follow, max-snippet:-1, max-image-preview:large, max-video-preview:-1\" \/>\n<link rel=\"canonical\" href=\"https:\/\/3p.eu\/be-fr\/conditions-dutilisation\/\" \/>\n<meta property=\"og:locale\" content=\"en_US\" \/>\n<meta property=\"og:type\" content=\"article\" \/>\n<meta property=\"og:title\" content=\"Conditions G\u00e9n\u00e9rales d\u2019Utilisation - 3P\" \/>\n<meta property=\"og:description\" content=\"3P est un \u00e9diteur de logiciels, sp\u00e9cialiste du secteur public. Pour la gestion de vos march\u00e9s publics, service technique GMAO, et contrats...\" \/>\n<meta property=\"og:url\" content=\"https:\/\/3p.eu\/be-fr\/conditions-dutilisation\/\" \/>\n<meta property=\"og:site_name\" content=\"3P Belgique\" \/>\n<meta property=\"article:modified_time\" content=\"2024-04-11T16:14:16+00:00\" \/>\n<meta name=\"twitter:card\" content=\"summary_large_image\" \/>\n<meta name=\"twitter:label1\" content=\"Est. reading time\" \/>\n\t<meta name=\"twitter:data1\" content=\"6 minutes\" \/>\n<script type=\"application\/ld+json\" class=\"yoast-schema-graph\">{\"@context\":\"https:\\\/\\\/schema.org\",\"@graph\":[{\"@type\":\"WebPage\",\"@id\":\"https:\\\/\\\/3p.eu\\\/be-fr\\\/conditions-dutilisation\\\/\",\"url\":\"https:\\\/\\\/3p.eu\\\/be-fr\\\/conditions-dutilisation\\\/\",\"name\":\"Conditions G\u00e9n\u00e9rales d\u2019Utilisation - 3P\",\"isPartOf\":{\"@id\":\"https:\\\/\\\/3p.eu\\\/be-fr\\\/#website\"},\"datePublished\":\"2024-01-04T18:44:17+00:00\",\"dateModified\":\"2024-04-11T16:14:16+00:00\",\"description\":\"3P est un \u00e9diteur de logiciels, sp\u00e9cialiste du secteur public. Pour la gestion de vos march\u00e9s publics, service technique GMAO, et contrats...\",\"breadcrumb\":{\"@id\":\"https:\\\/\\\/3p.eu\\\/be-fr\\\/conditions-dutilisation\\\/#breadcrumb\"},\"inLanguage\":\"be-FR\",\"potentialAction\":[{\"@type\":\"ReadAction\",\"target\":[\"https:\\\/\\\/3p.eu\\\/be-fr\\\/conditions-dutilisation\\\/\"]}]},{\"@type\":\"BreadcrumbList\",\"@id\":\"https:\\\/\\\/3p.eu\\\/be-fr\\\/conditions-dutilisation\\\/#breadcrumb\",\"itemListElement\":[{\"@type\":\"ListItem\",\"position\":1,\"name\":\"Home\",\"item\":\"https:\\\/\\\/3p.eu\\\/be-fr\\\/\"},{\"@type\":\"ListItem\",\"position\":2,\"name\":\"Conditions g\u00e9n\u00e9rales d&#8217;utilisation\"}]},{\"@type\":\"WebSite\",\"@id\":\"https:\\\/\\\/3p.eu\\\/be-fr\\\/#website\",\"url\":\"https:\\\/\\\/3p.eu\\\/be-fr\\\/\",\"name\":\"3P Belgique\",\"description\":\"\",\"potentialAction\":[{\"@type\":\"SearchAction\",\"target\":{\"@type\":\"EntryPoint\",\"urlTemplate\":\"https:\\\/\\\/3p.eu\\\/be-fr\\\/?s={search_term_string}\"},\"query-input\":{\"@type\":\"PropertyValueSpecification\",\"valueRequired\":true,\"valueName\":\"search_term_string\"}}],\"inLanguage\":\"be-FR\"}]}<\/script>\n<!-- \/ Yoast SEO plugin. -->","yoast_head_json":{"title":"Conditions G\u00e9n\u00e9rales d\u2019Utilisation - 3P","description":"3P est un \u00e9diteur de logiciels, sp\u00e9cialiste du secteur public. Pour la gestion de vos march\u00e9s publics, service technique GMAO, et contrats...","robots":{"index":"index","follow":"follow","max-snippet":"max-snippet:-1","max-image-preview":"max-image-preview:large","max-video-preview":"max-video-preview:-1"},"canonical":"https:\/\/3p.eu\/be-fr\/conditions-dutilisation\/","og_locale":"en_US","og_type":"article","og_title":"Conditions G\u00e9n\u00e9rales d\u2019Utilisation - 3P","og_description":"3P est un \u00e9diteur de logiciels, sp\u00e9cialiste du secteur public. Pour la gestion de vos march\u00e9s publics, service technique GMAO, et contrats...","og_url":"https:\/\/3p.eu\/be-fr\/conditions-dutilisation\/","og_site_name":"3P Belgique","article_modified_time":"2024-04-11T16:14:16+00:00","twitter_card":"summary_large_image","twitter_misc":{"Est. reading time":"6 minutes"},"schema":{"@context":"https:\/\/schema.org","@graph":[{"@type":"WebPage","@id":"https:\/\/3p.eu\/be-fr\/conditions-dutilisation\/","url":"https:\/\/3p.eu\/be-fr\/conditions-dutilisation\/","name":"Conditions G\u00e9n\u00e9rales d\u2019Utilisation - 3P","isPartOf":{"@id":"https:\/\/3p.eu\/be-fr\/#website"},"datePublished":"2024-01-04T18:44:17+00:00","dateModified":"2024-04-11T16:14:16+00:00","description":"3P est un \u00e9diteur de logiciels, sp\u00e9cialiste du secteur public. Pour la gestion de vos march\u00e9s publics, service technique GMAO, et contrats...","breadcrumb":{"@id":"https:\/\/3p.eu\/be-fr\/conditions-dutilisation\/#breadcrumb"},"inLanguage":"be-FR","potentialAction":[{"@type":"ReadAction","target":["https:\/\/3p.eu\/be-fr\/conditions-dutilisation\/"]}]},{"@type":"BreadcrumbList","@id":"https:\/\/3p.eu\/be-fr\/conditions-dutilisation\/#breadcrumb","itemListElement":[{"@type":"ListItem","position":1,"name":"Home","item":"https:\/\/3p.eu\/be-fr\/"},{"@type":"ListItem","position":2,"name":"Conditions g\u00e9n\u00e9rales d&#8217;utilisation"}]},{"@type":"WebSite","@id":"https:\/\/3p.eu\/be-fr\/#website","url":"https:\/\/3p.eu\/be-fr\/","name":"3P Belgique","description":"","potentialAction":[{"@type":"SearchAction","target":{"@type":"EntryPoint","urlTemplate":"https:\/\/3p.eu\/be-fr\/?s={search_term_string}"},"query-input":{"@type":"PropertyValueSpecification","valueRequired":true,"valueName":"search_term_string"}}],"inLanguage":"be-FR"}]}},"_links":{"self":[{"href":"https:\/\/3p.eu\/be-fr\/wp-json\/wp\/v2\/pages\/6151","targetHints":{"allow":["GET"]}}],"collection":[{"href":"https:\/\/3p.eu\/be-fr\/wp-json\/wp\/v2\/pages"}],"about":[{"href":"https:\/\/3p.eu\/be-fr\/wp-json\/wp\/v2\/types\/page"}],"author":[{"embeddable":true,"href":"https:\/\/3p.eu\/be-fr\/wp-json\/wp\/v2\/users\/8"}],"replies":[{"embeddable":true,"href":"https:\/\/3p.eu\/be-fr\/wp-json\/wp\/v2\/comments?post=6151"}],"version-history":[{"count":2,"href":"https:\/\/3p.eu\/be-fr\/wp-json\/wp\/v2\/pages\/6151\/revisions"}],"predecessor-version":[{"id":7112,"href":"https:\/\/3p.eu\/be-fr\/wp-json\/wp\/v2\/pages\/6151\/revisions\/7112"}],"wp:attachment":[{"href":"https:\/\/3p.eu\/be-fr\/wp-json\/wp\/v2\/media?parent=6151"}],"curies":[{"name":"wp","href":"https:\/\/api.w.org\/{rel}","templated":true}]}}